{"id":16163,"date":"2024-01-25T11:07:08","date_gmt":"2024-01-25T11:07:08","guid":{"rendered":"https:\/\/www.serenity-educations.com\/politique-de-confidentialite\/"},"modified":"2024-03-15T17:26:57","modified_gmt":"2024-03-15T17:26:57","slug":"politique-de-confidentialite","status":"publish","type":"page","link":"https:\/\/www.serenity-educations.com\/fr\/politique-de-confidentialite\/","title":{"rendered":"Politique de confidentialit\u00e9"},"content":{"rendered":"<p><strong>1. Introduction<\/strong><\/p><ul class=\"wp-block-list\"><li>Bienvenue sur le site de Serenity Educations. Nous nous engageons \u00e0 prot\u00e9ger et \u00e0 respecter votre vie priv\u00e9e. La pr\u00e9sente politique de confidentialit\u00e9 explique comment nous recueillons, utilisons, divulguons et prot\u00e9geons les informations vous concernant lorsque vous visitez notre site web<strong>\n  <a href=\"https:\/\/serenity-educations.com\"> www.serenetiy-educations.com<\/a>\n<\/strong> .<\/li><\/ul><p><strong>2. Les informations que nous collectons<\/strong><\/p><ul class=\"wp-block-list\"><li>Donn\u00e9es personnelles : Nous recueillons les donn\u00e9es personnelles que vous nous fournissez volontairement, telles que votre nom, votre adresse \u00e9lectronique et d&rsquo;autres coordonn\u00e9es lorsque vous vous inscrivez, vous abonnez ou interagissez avec notre site.<\/li>\n\n<li>Donn\u00e9es d&rsquo;utilisation : Nous recueillons des informations sur la mani\u00e8re dont le site web est consult\u00e9 et utilis\u00e9. Ces donn\u00e9es d&rsquo;utilisation peuvent inclure l&rsquo;adresse IP de votre ordinateur, le type de navigateur, la version du navigateur, les pages de notre site que vous visitez, l&rsquo;heure et la date de votre visite, le temps pass\u00e9 sur ces pages et d&rsquo;autres donn\u00e9es de diagnostic.<\/li><\/ul><p><strong>3. Comment nous utilisons vos informations<\/strong><\/p><ul class=\"wp-block-list\"><li>Fournir, exploiter et maintenir notre site web.<\/li>\n\n<li>Am\u00e9liorer, personnaliser et d\u00e9velopper notre site web.<\/li>\n\n<li>Comprendre et analyser la fa\u00e7on dont vous utilisez notre site web.<\/li>\n\n<li>D\u00e9velopper de nouveaux produits, services, caract\u00e9ristiques et fonctionnalit\u00e9s.<\/li>\n\n<li>Pour communiquer avec vous, soit directement, soit par l&rsquo;interm\u00e9diaire de l&rsquo;un de nos partenaires, pour le service \u00e0 la client\u00e8le, pour vous fournir des mises \u00e0 jour et d&rsquo;autres informations relatives au site web, ainsi qu&rsquo;\u00e0 des fins de marketing et de promotion.<\/li><\/ul><p><strong>4. Partage de vos informations personnelles<\/strong><\/p><ul class=\"wp-block-list\"><li>Nous ne partageons pas vos informations personnelles avec des tiers, sauf si cela est n\u00e9cessaire pour fournir nos services, respecter la loi, prot\u00e9ger nos droits ou remplir nos obligations commerciales.<\/li><\/ul><p><strong>5. S\u00e9curit\u00e9 des donn\u00e9es<\/strong><\/p><ul class=\"wp-block-list\"><li>Nous utilisons des mesures de s\u00e9curit\u00e9 administratives, techniques et physiques pour prot\u00e9ger vos informations personnelles. Toutefois, veuillez noter qu&rsquo;aucune transmission \u00e9lectronique sur Internet ou technologie de stockage de l&rsquo;information ne peut \u00eatre garantie comme \u00e9tant s\u00fbre \u00e0 100 %.<\/li><\/ul><p><strong>6. Vos droits en mati\u00e8re de protection des donn\u00e9es<\/strong><\/p><ul class=\"wp-block-list\"><li>Dans certaines circonstances, vous avez des droits en vertu des lois sur la protection des donn\u00e9es en ce qui concerne vos donn\u00e9es \u00e0 caract\u00e8re personnel, y compris le droit d&rsquo;acc\u00e9der, de corriger, d&rsquo;effacer ou de transf\u00e9rer vos donn\u00e9es \u00e0 caract\u00e8re personnel, et le droit de vous opposer au traitement ou de demander que nous limitions le traitement de vos donn\u00e9es \u00e0 caract\u00e8re personnel.<\/li><\/ul><p><strong>7. Cookies et technologies similaires<\/strong><\/p><ul class=\"wp-block-list\"><li>Notre site web utilise des cookies et des technologies de suivi similaires pour suivre l&rsquo;activit\u00e9 sur notre site web et conserver certaines informations. Vous avez la possibilit\u00e9 d&rsquo;accepter ou de refuser ces cookies et de savoir quand un cookie est envoy\u00e9 \u00e0 votre ordinateur.<\/li><\/ul><p><strong>8. Liens vers d&rsquo;autres sites web<\/strong><\/p><ul class=\"wp-block-list\"><li>Notre site web peut contenir des liens vers d&rsquo;autres sites web qui ne sont pas exploit\u00e9s par nous. Si vous cliquez sur le lien d&rsquo;un tiers, vous serez dirig\u00e9 vers son site. Nous vous conseillons vivement de consulter la politique de confidentialit\u00e9 de chaque site que vous visitez.<\/li><\/ul><p><strong>9. Modifications de la pr\u00e9sente politique de protection de la vie priv\u00e9e<\/strong><\/p><ul class=\"wp-block-list\"><li>Nous pouvons mettre \u00e0 jour notre politique de confidentialit\u00e9 de temps \u00e0 autre. Nous vous informerons de toute modification en publiant la nouvelle politique de confidentialit\u00e9 sur cette page.<\/li><\/ul><p><strong>10. Nous contacter<\/strong><\/p><ul class=\"wp-block-list\"><li>Si vous avez des questions concernant cette politique de confidentialit\u00e9, veuillez nous contacter \u00e0 l&rsquo;adresse suivante <strong>: contact@serenity-educations.com<\/strong>.<\/li><\/ul>","protected":false},"excerpt":{"rendered":"<p>1. Introduction 2. Les informations que nous collectons 3. Comment nous utilisons vos informations 4. Partage de vos informations personnelles 5. S\u00e9curit\u00e9 des donn\u00e9es 6. Vos droits en mati\u00e8re de protection des donn\u00e9es 7. Cookies et technologies similaires 8. Liens vers d&rsquo;autres sites web 9. [&hellip;]<\/p>\n","protected":false},"author":2,"featured_media":0,"parent":0,"menu_order":0,"comment_status":"closed","ping_status":"closed","template":"","meta":{"footnotes":""},"class_list":["post-16163","page","type-page","status-publish","hentry"],"yoast_head":"<!-- This site is optimized with the Yoast SEO plugin v27.5 - https:\/\/yoast.com\/product\/yoast-seo-wordpress\/ -->\n<title>Politique de confidentialit\u00e9 - Serenity Educations<\/title>\n<meta name=\"robots\" content=\"index, follow, max-snippet:-1, max-image-preview:large, max-video-preview:-1\" \/>\n<link rel=\"canonical\" href=\"https:\/\/www.serenity-educations.com\/fr\/politique-de-confidentialite\/\" \/>\n<meta property=\"og:locale\" content=\"fr_FR\" \/>\n<meta property=\"og:type\" content=\"article\" \/>\n<meta property=\"og:title\" content=\"Politique de confidentialit\u00e9 - Serenity Educations\" \/>\n<meta property=\"og:description\" content=\"1. Introduction 2. Les informations que nous collectons 3. Comment nous utilisons vos informations 4. Partage de vos informations personnelles 5. S\u00e9curit\u00e9 des donn\u00e9es 6. Vos droits en mati\u00e8re de protection des donn\u00e9es 7. Cookies et technologies similaires 8. Liens vers d&rsquo;autres sites web 9. [&hellip;]\" \/>\n<meta property=\"og:url\" content=\"https:\/\/www.serenity-educations.com\/fr\/politique-de-confidentialite\/\" \/>\n<meta property=\"og:site_name\" content=\"Serenity Educations\" \/>\n<meta property=\"article:modified_time\" content=\"2024-03-15T17:26:57+00:00\" \/>\n<meta name=\"twitter:card\" content=\"summary_large_image\" \/>\n<meta name=\"twitter:label1\" content=\"Dur\u00e9e de lecture estim\u00e9e\" \/>\n\t<meta name=\"twitter:data1\" content=\"3 minutes\" \/>\n<script type=\"application\/ld+json\" class=\"yoast-schema-graph\">{\"@context\":\"https:\\\/\\\/schema.org\",\"@graph\":[{\"@type\":\"WebPage\",\"@id\":\"https:\\\/\\\/www.serenity-educations.com\\\/fr\\\/politique-de-confidentialite\\\/\",\"url\":\"https:\\\/\\\/www.serenity-educations.com\\\/fr\\\/politique-de-confidentialite\\\/\",\"name\":\"Politique de confidentialit\u00e9 - Serenity Educations\",\"isPartOf\":{\"@id\":\"https:\\\/\\\/www.serenity-educations.com\\\/fr\\\/#website\"},\"datePublished\":\"2024-01-25T11:07:08+00:00\",\"dateModified\":\"2024-03-15T17:26:57+00:00\",\"breadcrumb\":{\"@id\":\"https:\\\/\\\/www.serenity-educations.com\\\/fr\\\/politique-de-confidentialite\\\/#breadcrumb\"},\"inLanguage\":\"fr-FR\",\"potentialAction\":[{\"@type\":\"ReadAction\",\"target\":[\"https:\\\/\\\/www.serenity-educations.com\\\/fr\\\/politique-de-confidentialite\\\/\"]}]},{\"@type\":\"BreadcrumbList\",\"@id\":\"https:\\\/\\\/www.serenity-educations.com\\\/fr\\\/politique-de-confidentialite\\\/#breadcrumb\",\"itemListElement\":[{\"@type\":\"ListItem\",\"position\":1,\"name\":\"Home\",\"item\":\"https:\\\/\\\/www.serenity-educations.com\\\/fr\\\/accueil-course-hub-tutor\\\/\"},{\"@type\":\"ListItem\",\"position\":2,\"name\":\"Politique de confidentialit\u00e9\"}]},{\"@type\":\"WebSite\",\"@id\":\"https:\\\/\\\/www.serenity-educations.com\\\/fr\\\/#website\",\"url\":\"https:\\\/\\\/www.serenity-educations.com\\\/fr\\\/\",\"name\":\"Serenity Educations\",\"description\":\"\",\"publisher\":{\"@id\":\"https:\\\/\\\/www.serenity-educations.com\\\/fr\\\/#organization\"},\"potentialAction\":[{\"@type\":\"SearchAction\",\"target\":{\"@type\":\"EntryPoint\",\"urlTemplate\":\"https:\\\/\\\/www.serenity-educations.com\\\/fr\\\/?s={search_term_string}\"},\"query-input\":{\"@type\":\"PropertyValueSpecification\",\"valueRequired\":true,\"valueName\":\"search_term_string\"}}],\"inLanguage\":\"fr-FR\"},{\"@type\":\"Organization\",\"@id\":\"https:\\\/\\\/www.serenity-educations.com\\\/fr\\\/#organization\",\"name\":\"Serenity Educations\",\"url\":\"https:\\\/\\\/www.serenity-educations.com\\\/fr\\\/\",\"logo\":{\"@type\":\"ImageObject\",\"inLanguage\":\"fr-FR\",\"@id\":\"https:\\\/\\\/www.serenity-educations.com\\\/fr\\\/#\\\/schema\\\/logo\\\/image\\\/\",\"url\":\"https:\\\/\\\/www.serenity-educations.com\\\/wp-content\\\/uploads\\\/2024\\\/03\\\/SERENITY-LOGO-2.ai_-e1710522743984.png\",\"contentUrl\":\"https:\\\/\\\/www.serenity-educations.com\\\/wp-content\\\/uploads\\\/2024\\\/03\\\/SERENITY-LOGO-2.ai_-e1710522743984.png\",\"width\":1310,\"height\":1303,\"caption\":\"Serenity Educations\"},\"image\":{\"@id\":\"https:\\\/\\\/www.serenity-educations.com\\\/fr\\\/#\\\/schema\\\/logo\\\/image\\\/\"}}]}<\/script>\n<!-- \/ Yoast SEO plugin. -->","yoast_head_json":{"title":"Politique de confidentialit\u00e9 - Serenity Educations","robots":{"index":"index","follow":"follow","max-snippet":"max-snippet:-1","max-image-preview":"max-image-preview:large","max-video-preview":"max-video-preview:-1"},"canonical":"https:\/\/www.serenity-educations.com\/fr\/politique-de-confidentialite\/","og_locale":"fr_FR","og_type":"article","og_title":"Politique de confidentialit\u00e9 - Serenity Educations","og_description":"1. Introduction 2. Les informations que nous collectons 3. Comment nous utilisons vos informations 4. Partage de vos informations personnelles 5. S\u00e9curit\u00e9 des donn\u00e9es 6. Vos droits en mati\u00e8re de protection des donn\u00e9es 7. Cookies et technologies similaires 8. Liens vers d&rsquo;autres sites web 9. [&hellip;]","og_url":"https:\/\/www.serenity-educations.com\/fr\/politique-de-confidentialite\/","og_site_name":"Serenity Educations","article_modified_time":"2024-03-15T17:26:57+00:00","twitter_card":"summary_large_image","twitter_misc":{"Dur\u00e9e de lecture estim\u00e9e":"3 minutes"},"schema":{"@context":"https:\/\/schema.org","@graph":[{"@type":"WebPage","@id":"https:\/\/www.serenity-educations.com\/fr\/politique-de-confidentialite\/","url":"https:\/\/www.serenity-educations.com\/fr\/politique-de-confidentialite\/","name":"Politique de confidentialit\u00e9 - Serenity Educations","isPartOf":{"@id":"https:\/\/www.serenity-educations.com\/fr\/#website"},"datePublished":"2024-01-25T11:07:08+00:00","dateModified":"2024-03-15T17:26:57+00:00","breadcrumb":{"@id":"https:\/\/www.serenity-educations.com\/fr\/politique-de-confidentialite\/#breadcrumb"},"inLanguage":"fr-FR","potentialAction":[{"@type":"ReadAction","target":["https:\/\/www.serenity-educations.com\/fr\/politique-de-confidentialite\/"]}]},{"@type":"BreadcrumbList","@id":"https:\/\/www.serenity-educations.com\/fr\/politique-de-confidentialite\/#breadcrumb","itemListElement":[{"@type":"ListItem","position":1,"name":"Home","item":"https:\/\/www.serenity-educations.com\/fr\/accueil-course-hub-tutor\/"},{"@type":"ListItem","position":2,"name":"Politique de confidentialit\u00e9"}]},{"@type":"WebSite","@id":"https:\/\/www.serenity-educations.com\/fr\/#website","url":"https:\/\/www.serenity-educations.com\/fr\/","name":"Serenity Educations","description":"","publisher":{"@id":"https:\/\/www.serenity-educations.com\/fr\/#organization"},"potentialAction":[{"@type":"SearchAction","target":{"@type":"EntryPoint","urlTemplate":"https:\/\/www.serenity-educations.com\/fr\/?s={search_term_string}"},"query-input":{"@type":"PropertyValueSpecification","valueRequired":true,"valueName":"search_term_string"}}],"inLanguage":"fr-FR"},{"@type":"Organization","@id":"https:\/\/www.serenity-educations.com\/fr\/#organization","name":"Serenity Educations","url":"https:\/\/www.serenity-educations.com\/fr\/","logo":{"@type":"ImageObject","inLanguage":"fr-FR","@id":"https:\/\/www.serenity-educations.com\/fr\/#\/schema\/logo\/image\/","url":"https:\/\/www.serenity-educations.com\/wp-content\/uploads\/2024\/03\/SERENITY-LOGO-2.ai_-e1710522743984.png","contentUrl":"https:\/\/www.serenity-educations.com\/wp-content\/uploads\/2024\/03\/SERENITY-LOGO-2.ai_-e1710522743984.png","width":1310,"height":1303,"caption":"Serenity Educations"},"image":{"@id":"https:\/\/www.serenity-educations.com\/fr\/#\/schema\/logo\/image\/"}}]}},"_links":{"self":[{"href":"https:\/\/www.serenity-educations.com\/fr\/wp-json\/wp\/v2\/pages\/16163","targetHints":{"allow":["GET"]}}],"collection":[{"href":"https:\/\/www.serenity-educations.com\/fr\/wp-json\/wp\/v2\/pages"}],"about":[{"href":"https:\/\/www.serenity-educations.com\/fr\/wp-json\/wp\/v2\/types\/page"}],"author":[{"embeddable":true,"href":"https:\/\/www.serenity-educations.com\/fr\/wp-json\/wp\/v2\/users\/2"}],"replies":[{"embeddable":true,"href":"https:\/\/www.serenity-educations.com\/fr\/wp-json\/wp\/v2\/comments?post=16163"}],"version-history":[{"count":1,"href":"https:\/\/www.serenity-educations.com\/fr\/wp-json\/wp\/v2\/pages\/16163\/revisions"}],"predecessor-version":[{"id":16164,"href":"https:\/\/www.serenity-educations.com\/fr\/wp-json\/wp\/v2\/pages\/16163\/revisions\/16164"}],"wp:attachment":[{"href":"https:\/\/www.serenity-educations.com\/fr\/wp-json\/wp\/v2\/media?parent=16163"}],"curies":[{"name":"wp","href":"https:\/\/api.w.org\/{rel}","templated":true}]}}