{"id":16259,"date":"2024-01-25T09:39:50","date_gmt":"2024-01-25T09:39:50","guid":{"rendered":"https:\/\/www.serenity-educations.com\/avis-juridique\/"},"modified":"2024-04-08T18:34:12","modified_gmt":"2024-04-08T18:34:12","slug":"avis-juridique","status":"publish","type":"page","link":"https:\/\/www.serenity-educations.com\/fr\/avis-juridique\/","title":{"rendered":"Avis juridique"},"content":{"rendered":"<p><\/p><p><strong>Site web de l&rsquo;\u00e9diteur :<\/strong><\/p><ul class=\"wp-block-list\"><li>Nom de l&rsquo;entreprise : Cloarec Julien Coaching<\/li>\n\n<li>Adresse du si\u00e8ge social : 6 Rue de la treille 13100 Aix-en-provence<\/li>\n\n<li>Adresse de courriel : <a>contact@serenity-educations.com<\/a><\/li>\n\n<li>Num\u00e9ro RCS ou SIREN : 503 122 855<\/li>\n\n<li>Nom du directeur de publication : Cloarec Julien<\/li><\/ul><p><strong>H\u00e9bergement :<\/strong><\/p><ul class=\"wp-block-list\"><li>Nom d&rsquo;h\u00f4te : O2switch<\/li>\n\n<li>Adresse de l&rsquo;h\u00f4te : Chem. des Pardiaux, 63000 Clermont-Ferrand, France.<\/li>\n\n<li>Num\u00e9ro de t\u00e9l\u00e9phone de l&rsquo;h\u00f4te : 04 44 44 60 40<\/li><\/ul><p><strong>Donn\u00e9es personnelles :<\/strong><\/p><ul class=\"wp-block-list\"><li>Le site respecte la vie priv\u00e9e de ses utilisateurs et se conforme strictement aux lois en vigueur sur la protection de la vie priv\u00e9e et des libert\u00e9s individuelles.<\/li>\n\n<li>Les donn\u00e9es personnelles collect\u00e9es (nom, pr\u00e9nom, adresse \u00e9lectronique, etc.) sont destin\u00e9es \u00e0 l&rsquo;usage exclusif du gestionnaire du site et ne seront pas communiqu\u00e9es \u00e0 des tiers.<\/li>\n\n<li>Conform\u00e9ment \u00e0 la loi \u00ab\u00a0Informatique et Libert\u00e9s\u00a0\u00bb du 6 janvier 1978 modifi\u00e9e et au R\u00e8glement G\u00e9n\u00e9ral sur la Protection des Donn\u00e9es (RGPD), l&rsquo;utilisateur dispose d&rsquo;un droit d&rsquo;acc\u00e8s, de modification, de rectification et de suppression des donn\u00e9es qui le concernent. Pour exercer ce droit, l&rsquo;utilisateur doit envoyer une demande \u00e9crite et sign\u00e9e, accompagn\u00e9e d&rsquo;une copie d&rsquo;un titre d&rsquo;identit\u00e9 portant la signature du titulaire, en pr\u00e9cisant l&rsquo;adresse \u00e0 laquelle la r\u00e9ponse doit \u00eatre envoy\u00e9e.<\/li><\/ul><p><strong>Cookies :<\/strong><\/p><ul class=\"wp-block-list\"><li>Le site peut utiliser des \u00ab\u00a0cookies\u00a0\u00bb pour am\u00e9liorer l&rsquo;exp\u00e9rience des utilisateurs et \u00e9tablir des statistiques de visite. Conform\u00e9ment \u00e0 la r\u00e9glementation, le site recueille le consentement de l&rsquo;utilisateur et lui offre la possibilit\u00e9 de s&rsquo;opposer \u00e0 l&rsquo;utilisation de ces cookies.<\/li><\/ul><p><strong>Propri\u00e9t\u00e9 intellectuelle :<\/strong><\/p><ul class=\"wp-block-list\"><li>Tout le contenu du pr\u00e9sent sur le site de Serenity Educations, incluant, de fa\u00e7on non limitative, les graphismes, images, textes, vid\u00e9os, animations, sons, logos, gifs et ic\u00f4nes ainsi que leur mise en forme sont la propri\u00e9t\u00e9 exclusive de la soci\u00e9t\u00e9 \u00e0 l&rsquo;exception des marques, logos ou contenus appartenant \u00e0 d&rsquo;autres soci\u00e9t\u00e9s partenaires ou auteurs.<\/li>\n\n<li>Toute reproduction, distribution, modification, adaptation, retransmission ou publication, m\u00eame partielle, de ces diff\u00e9rents \u00e9l\u00e9ments est strictement interdite sans l&rsquo;accord expr\u00e8s par \u00e9crit de Serenity Educations. Cette repr\u00e9sentation ou reproduction, par quelque proc\u00e9d\u00e9 que ce soit, constitue une contrefa\u00e7on sanctionn\u00e9e par les articles L.335-2 et suivants du Code de la propri\u00e9t\u00e9 intellectuelle.<\/li><\/ul>","protected":false},"excerpt":{"rendered":"<p>Site web de l&rsquo;\u00e9diteur : H\u00e9bergement : Donn\u00e9es personnelles : Cookies : Propri\u00e9t\u00e9 intellectuelle :<\/p>\n","protected":false},"author":2,"featured_media":0,"parent":0,"menu_order":0,"comment_status":"closed","ping_status":"closed","template":"","meta":{"footnotes":""},"class_list":["post-16259","page","type-page","status-publish","hentry"],"yoast_head":"<!-- This site is optimized with the Yoast SEO plugin v27.5 - https:\/\/yoast.com\/product\/yoast-seo-wordpress\/ -->\n<title>Avis juridique - Serenity Educations<\/title>\n<meta name=\"robots\" content=\"index, follow, max-snippet:-1, max-image-preview:large, max-video-preview:-1\" \/>\n<link rel=\"canonical\" href=\"https:\/\/www.serenity-educations.com\/fr\/avis-juridique\/\" \/>\n<meta property=\"og:locale\" content=\"fr_FR\" \/>\n<meta property=\"og:type\" content=\"article\" \/>\n<meta property=\"og:title\" content=\"Avis juridique - Serenity Educations\" \/>\n<meta property=\"og:description\" content=\"Site web de l&rsquo;\u00e9diteur : H\u00e9bergement : Donn\u00e9es personnelles : Cookies : Propri\u00e9t\u00e9 intellectuelle :\" \/>\n<meta property=\"og:url\" content=\"https:\/\/www.serenity-educations.com\/fr\/avis-juridique\/\" \/>\n<meta property=\"og:site_name\" content=\"Serenity Educations\" \/>\n<meta property=\"article:modified_time\" content=\"2024-04-08T18:34:12+00:00\" \/>\n<meta name=\"twitter:card\" content=\"summary_large_image\" \/>\n<meta name=\"twitter:label1\" content=\"Dur\u00e9e de lecture estim\u00e9e\" \/>\n\t<meta name=\"twitter:data1\" content=\"2 minutes\" \/>\n<script type=\"application\/ld+json\" class=\"yoast-schema-graph\">{\"@context\":\"https:\\\/\\\/schema.org\",\"@graph\":[{\"@type\":\"WebPage\",\"@id\":\"https:\\\/\\\/www.serenity-educations.com\\\/fr\\\/avis-juridique\\\/\",\"url\":\"https:\\\/\\\/www.serenity-educations.com\\\/fr\\\/avis-juridique\\\/\",\"name\":\"Avis juridique - Serenity Educations\",\"isPartOf\":{\"@id\":\"https:\\\/\\\/www.serenity-educations.com\\\/fr\\\/#website\"},\"datePublished\":\"2024-01-25T09:39:50+00:00\",\"dateModified\":\"2024-04-08T18:34:12+00:00\",\"breadcrumb\":{\"@id\":\"https:\\\/\\\/www.serenity-educations.com\\\/fr\\\/avis-juridique\\\/#breadcrumb\"},\"inLanguage\":\"fr-FR\",\"potentialAction\":[{\"@type\":\"ReadAction\",\"target\":[\"https:\\\/\\\/www.serenity-educations.com\\\/fr\\\/avis-juridique\\\/\"]}]},{\"@type\":\"BreadcrumbList\",\"@id\":\"https:\\\/\\\/www.serenity-educations.com\\\/fr\\\/avis-juridique\\\/#breadcrumb\",\"itemListElement\":[{\"@type\":\"ListItem\",\"position\":1,\"name\":\"Home\",\"item\":\"https:\\\/\\\/www.serenity-educations.com\\\/fr\\\/accueil-course-hub-tutor\\\/\"},{\"@type\":\"ListItem\",\"position\":2,\"name\":\"Avis juridique\"}]},{\"@type\":\"WebSite\",\"@id\":\"https:\\\/\\\/www.serenity-educations.com\\\/fr\\\/#website\",\"url\":\"https:\\\/\\\/www.serenity-educations.com\\\/fr\\\/\",\"name\":\"Serenity Educations\",\"description\":\"\",\"publisher\":{\"@id\":\"https:\\\/\\\/www.serenity-educations.com\\\/fr\\\/#organization\"},\"potentialAction\":[{\"@type\":\"SearchAction\",\"target\":{\"@type\":\"EntryPoint\",\"urlTemplate\":\"https:\\\/\\\/www.serenity-educations.com\\\/fr\\\/?s={search_term_string}\"},\"query-input\":{\"@type\":\"PropertyValueSpecification\",\"valueRequired\":true,\"valueName\":\"search_term_string\"}}],\"inLanguage\":\"fr-FR\"},{\"@type\":\"Organization\",\"@id\":\"https:\\\/\\\/www.serenity-educations.com\\\/fr\\\/#organization\",\"name\":\"Serenity Educations\",\"url\":\"https:\\\/\\\/www.serenity-educations.com\\\/fr\\\/\",\"logo\":{\"@type\":\"ImageObject\",\"inLanguage\":\"fr-FR\",\"@id\":\"https:\\\/\\\/www.serenity-educations.com\\\/fr\\\/#\\\/schema\\\/logo\\\/image\\\/\",\"url\":\"https:\\\/\\\/www.serenity-educations.com\\\/wp-content\\\/uploads\\\/2024\\\/03\\\/SERENITY-LOGO-2.ai_-e1710522743984.png\",\"contentUrl\":\"https:\\\/\\\/www.serenity-educations.com\\\/wp-content\\\/uploads\\\/2024\\\/03\\\/SERENITY-LOGO-2.ai_-e1710522743984.png\",\"width\":1310,\"height\":1303,\"caption\":\"Serenity Educations\"},\"image\":{\"@id\":\"https:\\\/\\\/www.serenity-educations.com\\\/fr\\\/#\\\/schema\\\/logo\\\/image\\\/\"}}]}<\/script>\n<!-- \/ Yoast SEO plugin. -->","yoast_head_json":{"title":"Avis juridique - Serenity Educations","robots":{"index":"index","follow":"follow","max-snippet":"max-snippet:-1","max-image-preview":"max-image-preview:large","max-video-preview":"max-video-preview:-1"},"canonical":"https:\/\/www.serenity-educations.com\/fr\/avis-juridique\/","og_locale":"fr_FR","og_type":"article","og_title":"Avis juridique - Serenity Educations","og_description":"Site web de l&rsquo;\u00e9diteur : H\u00e9bergement : Donn\u00e9es personnelles : Cookies : Propri\u00e9t\u00e9 intellectuelle :","og_url":"https:\/\/www.serenity-educations.com\/fr\/avis-juridique\/","og_site_name":"Serenity Educations","article_modified_time":"2024-04-08T18:34:12+00:00","twitter_card":"summary_large_image","twitter_misc":{"Dur\u00e9e de lecture estim\u00e9e":"2 minutes"},"schema":{"@context":"https:\/\/schema.org","@graph":[{"@type":"WebPage","@id":"https:\/\/www.serenity-educations.com\/fr\/avis-juridique\/","url":"https:\/\/www.serenity-educations.com\/fr\/avis-juridique\/","name":"Avis juridique - Serenity Educations","isPartOf":{"@id":"https:\/\/www.serenity-educations.com\/fr\/#website"},"datePublished":"2024-01-25T09:39:50+00:00","dateModified":"2024-04-08T18:34:12+00:00","breadcrumb":{"@id":"https:\/\/www.serenity-educations.com\/fr\/avis-juridique\/#breadcrumb"},"inLanguage":"fr-FR","potentialAction":[{"@type":"ReadAction","target":["https:\/\/www.serenity-educations.com\/fr\/avis-juridique\/"]}]},{"@type":"BreadcrumbList","@id":"https:\/\/www.serenity-educations.com\/fr\/avis-juridique\/#breadcrumb","itemListElement":[{"@type":"ListItem","position":1,"name":"Home","item":"https:\/\/www.serenity-educations.com\/fr\/accueil-course-hub-tutor\/"},{"@type":"ListItem","position":2,"name":"Avis juridique"}]},{"@type":"WebSite","@id":"https:\/\/www.serenity-educations.com\/fr\/#website","url":"https:\/\/www.serenity-educations.com\/fr\/","name":"Serenity Educations","description":"","publisher":{"@id":"https:\/\/www.serenity-educations.com\/fr\/#organization"},"potentialAction":[{"@type":"SearchAction","target":{"@type":"EntryPoint","urlTemplate":"https:\/\/www.serenity-educations.com\/fr\/?s={search_term_string}"},"query-input":{"@type":"PropertyValueSpecification","valueRequired":true,"valueName":"search_term_string"}}],"inLanguage":"fr-FR"},{"@type":"Organization","@id":"https:\/\/www.serenity-educations.com\/fr\/#organization","name":"Serenity Educations","url":"https:\/\/www.serenity-educations.com\/fr\/","logo":{"@type":"ImageObject","inLanguage":"fr-FR","@id":"https:\/\/www.serenity-educations.com\/fr\/#\/schema\/logo\/image\/","url":"https:\/\/www.serenity-educations.com\/wp-content\/uploads\/2024\/03\/SERENITY-LOGO-2.ai_-e1710522743984.png","contentUrl":"https:\/\/www.serenity-educations.com\/wp-content\/uploads\/2024\/03\/SERENITY-LOGO-2.ai_-e1710522743984.png","width":1310,"height":1303,"caption":"Serenity Educations"},"image":{"@id":"https:\/\/www.serenity-educations.com\/fr\/#\/schema\/logo\/image\/"}}]}},"_links":{"self":[{"href":"https:\/\/www.serenity-educations.com\/fr\/wp-json\/wp\/v2\/pages\/16259","targetHints":{"allow":["GET"]}}],"collection":[{"href":"https:\/\/www.serenity-educations.com\/fr\/wp-json\/wp\/v2\/pages"}],"about":[{"href":"https:\/\/www.serenity-educations.com\/fr\/wp-json\/wp\/v2\/types\/page"}],"author":[{"embeddable":true,"href":"https:\/\/www.serenity-educations.com\/fr\/wp-json\/wp\/v2\/users\/2"}],"replies":[{"embeddable":true,"href":"https:\/\/www.serenity-educations.com\/fr\/wp-json\/wp\/v2\/comments?post=16259"}],"version-history":[{"count":1,"href":"https:\/\/www.serenity-educations.com\/fr\/wp-json\/wp\/v2\/pages\/16259\/revisions"}],"predecessor-version":[{"id":16260,"href":"https:\/\/www.serenity-educations.com\/fr\/wp-json\/wp\/v2\/pages\/16259\/revisions\/16260"}],"wp:attachment":[{"href":"https:\/\/www.serenity-educations.com\/fr\/wp-json\/wp\/v2\/media?parent=16259"}],"curies":[{"name":"wp","href":"https:\/\/api.w.org\/{rel}","templated":true}]}}